{"id":3293,"date":"2021-07-18T11:14:48","date_gmt":"2021-07-18T09:14:48","guid":{"rendered":"https:\/\/goessel-pr.com\/references\/"},"modified":"2021-07-18T11:14:48","modified_gmt":"2021-07-18T09:14:48","slug":"references","status":"publish","type":"page","link":"https:\/\/goessel-pr.com\/en\/references\/","title":{"rendered":"References"},"content":{"rendered":"\t\t<div data-elementor-type=\"wp-page\" data-elementor-id=\"3293\" class=\"elementor elementor-3293 elementor-468\" data-elementor-post-type=\"page\">\n\t\t\t\t\t\t<section data-dce-background-color=\"#010101\" data-dce-background-overlay-image-url=\"https:\/\/goessel-pr.com\/wp-content\/uploads\/2021\/05\/goessel-pr_signet_bg.svg\" class=\"elementor-section elementor-top-section elementor-element elementor-element-ae88cd9 elementor-section-height-min-height elementor-section-content-middle animated-fast elementor-section-boxed elementor-section-height-default elementor-section-items-middle elementor-invisible\" data-id=\"ae88cd9\" data-element_type=\"section\" data-e-type=\"section\" data-settings=\"{&quot;background_background&quot;:&quot;classic&quot;,&quot;background_motion_fx_motion_fx_scrolling&quot;:&quot;yes&quot;,&quot;background_motion_fx_translateX_effect&quot;:&quot;yes&quot;,&quot;background_motion_fx_translateX_direction&quot;:&quot;negative&quot;,&quot;background_motion_fx_translateX_speed&quot;:{&quot;unit&quot;:&quot;px&quot;,&quot;size&quot;:1.5,&quot;sizes&quot;:[]},&quot;animation&quot;:&quot;fadeIn&quot;,&quot;background_motion_fx_translateX_affectedRange&quot;:{&quot;unit&quot;:&quot;%&quot;,&quot;size&quot;:&quot;&quot;,&quot;sizes&quot;:{&quot;start&quot;:0,&quot;end&quot;:100}},&quot;background_motion_fx_devices&quot;:[&quot;desktop&quot;,&quot;tablet&quot;,&quot;mobile&quot;]}\">\n\t\t\t\t\t\t\t<div class=\"elementor-background-overlay\"><\/div>\n\t\t\t\t\t\t\t<div class=\"elementor-container elementor-column-gap-default\">\n\t\t\t\t\t<div class=\"elementor-column elementor-col-50 elementor-top-column elementor-element elementor-element-602e456b\" data-id=\"602e456b\" data-element_type=\"column\" data-e-type=\"column\">\n\t\t\t<div class=\"elementor-widget-wrap elementor-element-populated\">\n\t\t\t\t\t\t<div data-dce-title-color=\"#FFFFFF\" class=\"elementor-element elementor-element-351d3d6a elementor-invisible elementor-widget elementor-widget-heading\" data-id=\"351d3d6a\" data-element_type=\"widget\" data-e-type=\"widget\" data-settings=\"{&quot;_animation&quot;:&quot;fadeIn&quot;,&quot;_animation_delay&quot;:400}\" data-widget_type=\"heading.default\">\n\t\t\t\t<div class=\"elementor-widget-container\">\n\t\t\t\t\t<h1 class=\"elementor-heading-title elementor-size-default\">References<\/h1>\t\t\t\t<\/div>\n\t\t\t\t<\/div>\n\t\t\t\t<div data-dce-title-color=\"#FE5000\" class=\"elementor-element elementor-element-64ae85f6 elementor-invisible elementor-widget elementor-widget-heading\" data-id=\"64ae85f6\" data-element_type=\"widget\" data-e-type=\"widget\" data-settings=\"{&quot;_animation&quot;:&quot;fadeInUp&quot;,&quot;_animation_delay&quot;:800}\" data-widget_type=\"heading.default\">\n\t\t\t\t<div class=\"elementor-widget-container\">\n\t\t\t\t\t<h1 class=\"elementor-heading-title elementor-size-default\">G\u00f6ssel PR<\/h1>\t\t\t\t<\/div>\n\t\t\t\t<\/div>\n\t\t\t\t\t<\/div>\n\t\t<\/div>\n\t\t\t\t<div class=\"elementor-column elementor-col-50 elementor-top-column elementor-element elementor-element-2b26a374\" data-id=\"2b26a374\" data-element_type=\"column\" data-e-type=\"column\">\n\t\t\t<div class=\"elementor-widget-wrap\">\n\t\t\t\t\t\t\t<\/div>\n\t\t<\/div>\n\t\t\t\t\t<\/div>\n\t\t<\/section>\n\t\t\t\t<section class=\"elementor-section elementor-top-section elementor-element elementor-element-354ffa88 elementor-section-stretched elementor-section-boxed elementor-section-height-default elementor-section-height-default\" data-id=\"354ffa88\" data-element_type=\"section\" data-e-type=\"section\" data-settings=\"{&quot;stretch_section&quot;:&quot;section-stretched&quot;,&quot;background_background&quot;:&quot;classic&quot;}\">\n\t\t\t\t\t\t<div class=\"elementor-container elementor-column-gap-no\">\n\t\t\t\t\t<div class=\"elementor-column elementor-col-100 elementor-top-column elementor-element elementor-element-36ed85d8\" data-id=\"36ed85d8\" data-element_type=\"column\" data-e-type=\"column\" data-settings=\"{&quot;background_background&quot;:&quot;classic&quot;}\">\n\t\t\t<div class=\"elementor-widget-wrap elementor-element-populated\">\n\t\t\t\t\t\t<div data-dce-title-color=\"#272B36\" class=\"elementor-element elementor-element-a5edf0a elementor-widget elementor-widget-heading\" data-id=\"a5edf0a\" data-element_type=\"widget\" data-e-type=\"widget\" data-widget_type=\"heading.default\">\n\t\t\t\t<div class=\"elementor-widget-container\">\n\t\t\t\t\t<h2 class=\"elementor-heading-title elementor-size-default\">Artists I have worked with:<\/h2>\t\t\t\t<\/div>\n\t\t\t\t<\/div>\n\t\t\t\t<div class=\"dce-fix-background-loop elementor-element elementor-element-7f77aed9 kuenstlerliste elementor-widget elementor-widget-dce-acf-repeater-v2\" data-id=\"7f77aed9\" data-element_type=\"widget\" data-e-type=\"widget\" data-widget_type=\"dce-acf-repeater-v2.default\">\n\t\t\t\t<div class=\"elementor-widget-container\">\n\t\t\t\t\t<div class=\"dce-acf-repeater\"><p class=\"repeater-item elementor-repeater-item-2847ef3\">a-ha<\/p><p class=\"repeater-item elementor-repeater-item-2847ef3\">Ace of Base<\/p><p class=\"repeater-item elementor-repeater-item-2847ef3\">Alicia Keys<\/p><p class=\"repeater-item elementor-repeater-item-2847ef3\">Alle Farben<\/p><p class=\"repeater-item elementor-repeater-item-2847ef3\">Aura Dione<\/p><p class=\"repeater-item elementor-repeater-item-2847ef3\">Backstreet Boys<\/p><p class=\"repeater-item elementor-repeater-item-2847ef3\">Barbara Sch\u00f6neberger<\/p><p class=\"repeater-item elementor-repeater-item-2847ef3\">Beth Ditto<\/p><p class=\"repeater-item elementor-repeater-item-2847ef3\">Black Eyed Peas<\/p><p class=\"repeater-item elementor-repeater-item-2847ef3\">Bon Jovi<\/p><p class=\"repeater-item elementor-repeater-item-2847ef3\">Camila Cabello<\/p><p class=\"repeater-item elementor-repeater-item-2847ef3\">Cascada<\/p><p class=\"repeater-item elementor-repeater-item-2847ef3\">Casper<\/p><p class=\"repeater-item elementor-repeater-item-2847ef3\">Celine Dion<\/p><p class=\"repeater-item elementor-repeater-item-2847ef3\">Christina St\u00fcrmer<\/p><p class=\"repeater-item elementor-repeater-item-2847ef3\">Clueso<\/p><p class=\"repeater-item elementor-repeater-item-2847ef3\">Culcha Candela<\/p><p class=\"repeater-item elementor-repeater-item-2847ef3\">Deichkind<\/p><p class=\"repeater-item elementor-repeater-item-2847ef3\">Die Fantastischen Vier<\/p><p class=\"repeater-item elementor-repeater-item-2847ef3\">DJ \u00d6tzi<\/p><p class=\"repeater-item elementor-repeater-item-2847ef3\">Emma Bunton<\/p><p class=\"repeater-item elementor-repeater-item-2847ef3\">Hermes House Band<\/p><p class=\"repeater-item elementor-repeater-item-2847ef3\">Hurts<\/p><p class=\"repeater-item elementor-repeater-item-2847ef3\">ich + ich<\/p><p class=\"repeater-item elementor-repeater-item-2847ef3\">James Arthur<\/p><p class=\"repeater-item elementor-repeater-item-2847ef3\">James Last<\/p><p class=\"repeater-item elementor-repeater-item-2847ef3\">Jeanette Biedermann<\/p><p class=\"repeater-item elementor-repeater-item-2847ef3\">Jennifer Rostock<\/p><p class=\"repeater-item elementor-repeater-item-2847ef3\">Johannes Oerding<\/p><p class=\"repeater-item elementor-repeater-item-2847ef3\">John Legend<\/p><p class=\"repeater-item elementor-repeater-item-2847ef3\">Joris<\/p><p class=\"repeater-item elementor-repeater-item-2847ef3\">Joy Denalane<\/p><p class=\"repeater-item elementor-repeater-item-2847ef3\">Juli<\/p><p class=\"repeater-item elementor-repeater-item-2847ef3\">Jupiter Jones<\/p><p class=\"repeater-item elementor-repeater-item-2847ef3\">Kim Wilde<\/p><p class=\"repeater-item elementor-repeater-item-2847ef3\">Klee<\/p><p class=\"repeater-item elementor-repeater-item-2847ef3\">Kygo<\/p><p class=\"repeater-item elementor-repeater-item-2847ef3\">LEA<\/p><p class=\"repeater-item elementor-repeater-item-2847ef3\">Lena Meyer-Landruth<\/p><p class=\"repeater-item elementor-repeater-item-2847ef3\">Lionel Richie<\/p><p class=\"repeater-item elementor-repeater-item-2847ef3\">Madcon<\/p><p class=\"repeater-item elementor-repeater-item-2847ef3\">Marit Larsen<\/p><p class=\"repeater-item elementor-repeater-item-2847ef3\">Mark Forster<\/p><p class=\"repeater-item elementor-repeater-item-2847ef3\">Marteria<\/p><p class=\"repeater-item elementor-repeater-item-2847ef3\">Melanie C<\/p><p class=\"repeater-item elementor-repeater-item-2847ef3\">Michael Patrick Kelly<\/p><p class=\"repeater-item elementor-repeater-item-2847ef3\">Milow<\/p><p class=\"repeater-item elementor-repeater-item-2847ef3\">Namika<\/p><p class=\"repeater-item elementor-repeater-item-2847ef3\">Nina Hagen<\/p><p class=\"repeater-item elementor-repeater-item-2847ef3\">No Angels<\/p><p class=\"repeater-item elementor-repeater-item-2847ef3\">P!nk<\/p><p class=\"repeater-item elementor-repeater-item-2847ef3\">Reamonn<\/p><p class=\"repeater-item elementor-repeater-item-2847ef3\">Revolverheld<\/p><p class=\"repeater-item elementor-repeater-item-2847ef3\">Robbie Williams<\/p><p class=\"repeater-item elementor-repeater-item-2847ef3\">Roland Kaiser<\/p><p class=\"repeater-item elementor-repeater-item-2847ef3\">Ronan Keating<\/p><p class=\"repeater-item elementor-repeater-item-2847ef3\">Rosenstolz<\/p><p class=\"repeater-item elementor-repeater-item-2847ef3\">Sarah Connor<\/p><p class=\"repeater-item elementor-repeater-item-2847ef3\">Sasha<\/p><p class=\"repeater-item elementor-repeater-item-2847ef3\">Selig<\/p><p class=\"repeater-item elementor-repeater-item-2847ef3\">Silbermond<\/p><p class=\"repeater-item elementor-repeater-item-2847ef3\">Sportfreunde Stiller<\/p><p class=\"repeater-item elementor-repeater-item-2847ef3\">Stefanie Heinzmann<\/p><p class=\"repeater-item elementor-repeater-item-2847ef3\">Sting<\/p><p class=\"repeater-item elementor-repeater-item-2847ef3\">Sugababes<\/p><p class=\"repeater-item elementor-repeater-item-2847ef3\">The BossHoss<\/p><p class=\"repeater-item elementor-repeater-item-2847ef3\">Tim Bendzko<\/p><p class=\"repeater-item elementor-repeater-item-2847ef3\">Tokio Hotel<\/p><p class=\"repeater-item elementor-repeater-item-2847ef3\">Vicky Leandros<\/p><p class=\"repeater-item elementor-repeater-item-2847ef3\">Zara Larsson<\/p><p class=\"repeater-item elementor-repeater-item-2847ef3\">...<\/p><\/div>\t\t\t\t<\/div>\n\t\t\t\t<\/div>\n\t\t\t\t\t<\/div>\n\t\t<\/div>\n\t\t\t\t\t<\/div>\n\t\t<\/section>\n\t\t\t\t<\/div>\n\t\t","protected":false},"excerpt":{"rendered":"<p>References G\u00f6ssel PR Artists I have worked with: a-ha Ace of Base Alicia Keys Alle Farben Aura Dione Backstreet Boys Barbara Sch\u00f6neberger Beth Ditto Black Eyed Peas Bon Jovi Camila Cabello Cascada Casper Celine Dion Christina St\u00fcrmer Clueso Culcha Candela Deichkind Die Fantastischen Vier DJ \u00d6tzi Emma Bunton Hermes House Band Hurts ich + ich [&hellip;]<\/p>\n","protected":false},"author":1,"featured_media":0,"parent":0,"menu_order":0,"comment_status":"closed","ping_status":"closed","template":"","meta":{"_acf_changed":false,"footnotes":""},"class_list":["post-3293","page","type-page","status-publish","hentry"],"acf":[],"_links":{"self":[{"href":"https:\/\/goessel-pr.com\/en\/wp-json\/wp\/v2\/pages\/3293","targetHints":{"allow":["GET"]}}],"collection":[{"href":"https:\/\/goessel-pr.com\/en\/wp-json\/wp\/v2\/pages"}],"about":[{"href":"https:\/\/goessel-pr.com\/en\/wp-json\/wp\/v2\/types\/page"}],"author":[{"embeddable":true,"href":"https:\/\/goessel-pr.com\/en\/wp-json\/wp\/v2\/users\/1"}],"replies":[{"embeddable":true,"href":"https:\/\/goessel-pr.com\/en\/wp-json\/wp\/v2\/comments?post=3293"}],"version-history":[{"count":1,"href":"https:\/\/goessel-pr.com\/en\/wp-json\/wp\/v2\/pages\/3293\/revisions"}],"predecessor-version":[{"id":3294,"href":"https:\/\/goessel-pr.com\/en\/wp-json\/wp\/v2\/pages\/3293\/revisions\/3294"}],"wp:attachment":[{"href":"https:\/\/goessel-pr.com\/en\/wp-json\/wp\/v2\/media?parent=3293"}],"curies":[{"name":"wp","href":"https:\/\/api.w.org\/{rel}","templated":true}]}}